{"id":9,"date":"2016-01-26T11:51:35","date_gmt":"2016-01-26T10:51:35","guid":{"rendered":"http:\/\/blueline-calabria.it\/hotel-cart-page\/"},"modified":"2016-03-29T19:10:30","modified_gmt":"2016-03-29T17:10:30","slug":"mission","status":"publish","type":"page","link":"https:\/\/blueline-calabria.it\/it\/mission\/","title":{"rendered":"Mission"},"content":{"rendered":"<p style=\"text-align: center;\" align=\"justify\"><em><strong><span style=\"font-family: 'Times New Roman', serif;\"><span style=\"font-size: medium;\">Il nostro obiettivo \u00e8 di far scoprire ai turisti che oltre la spiaggia e il sole, la nostra terra offre molto di pi\u00f9: un patrimonio naturale incredibile vi aspetta, ricco di reperti storici, caratterizzato da una fauna e da una flora uniche, protette dal Ministero dell\u2019Ambiente e dall\u2019Area Marina di Capo Rizzuto. Non solo \u00e8 il luogo ideale per praticare sport e stare a contatto con la natura, ma \u00e8 anche una risorsa imperdibile per scoprire la storia e la cultura di antiche popolazioni.<\/span><\/span><\/strong><\/em><\/p>\n<p style=\"text-align: center;\" align=\"justify\"><em><strong>Il tempo \u00e8 pi\u00f9 complesso vicino al mare che in qualsiasi altro posto, perch\u00e9 oltre al transito del sole e al volgere delle stagioni, le onde battono il passare del tempo sulle rocce e le maree salgono e scendono come una grande clessidra\u00a0(John Steinbeck).<\/strong><\/em><\/p>\n","protected":false},"excerpt":{"rendered":"<p>Il nostro obiettivo \u00e8 di far scoprire ai turisti che oltre la spiaggia e il sole, la nostra terra offre molto di pi\u00f9: un patrimonio naturale incredibile vi aspetta, ricco di reperti storici, caratterizzato da una fauna e da una flora uniche, protette dal Ministero dell\u2019Ambiente e dall\u2019Area Marina di Capo Rizzuto. Non solo \u00e8 [&hellip;]<\/p>\n","protected":false},"author":1,"featured_media":0,"parent":0,"menu_order":0,"comment_status":"closed","ping_status":"closed","template":"","meta":{"footnotes":""},"class_list":["post-9","page","type-page","status-publish","hentry"],"_links":{"self":[{"href":"https:\/\/blueline-calabria.it\/it\/wp-json\/wp\/v2\/pages\/9","targetHints":{"allow":["GET"]}}],"collection":[{"href":"https:\/\/blueline-calabria.it\/it\/wp-json\/wp\/v2\/pages"}],"about":[{"href":"https:\/\/blueline-calabria.it\/it\/wp-json\/wp\/v2\/types\/page"}],"author":[{"embeddable":true,"href":"https:\/\/blueline-calabria.it\/it\/wp-json\/wp\/v2\/users\/1"}],"replies":[{"embeddable":true,"href":"https:\/\/blueline-calabria.it\/it\/wp-json\/wp\/v2\/comments?post=9"}],"version-history":[{"count":6,"href":"https:\/\/blueline-calabria.it\/it\/wp-json\/wp\/v2\/pages\/9\/revisions"}],"predecessor-version":[{"id":357,"href":"https:\/\/blueline-calabria.it\/it\/wp-json\/wp\/v2\/pages\/9\/revisions\/357"}],"wp:attachment":[{"href":"https:\/\/blueline-calabria.it\/it\/wp-json\/wp\/v2\/media?parent=9"}],"curies":[{"name":"wp","href":"https:\/\/api.w.org\/{rel}","templated":true}]}}